{"id":652,"date":"2020-11-18T17:17:44","date_gmt":"2020-11-18T17:17:44","guid":{"rendered":"http:\/\/resto-chezloic.ch\/?page_id=652"},"modified":"2021-11-01T23:02:25","modified_gmt":"2021-11-01T21:02:25","slug":"about","status":"publish","type":"page","link":"https:\/\/resto-chezloic.ch\/es\/about\/","title":{"rendered":"About"},"content":{"rendered":"<div data-elementor-type=\"wp-page\" data-elementor-id=\"652\" class=\"elementor elementor-652\">\n\t\t\t\t\t\t\t\t\t<section class=\"elementor-section elementor-top-section elementor-element elementor-element-d7bbfb1 elementor-section-boxed elementor-section-height-default elementor-section-height-default\" data-id=\"d7bbfb1\" data-element_type=\"section\" data-settings=\"{&quot;_ha_eqh_enable&quot;:false}\">\n\t\t\t\t\t\t<div class=\"elementor-container elementor-column-gap-default\">\n\t\t\t\t\t<div class=\"elementor-column elementor-col-100 elementor-top-column elementor-element elementor-element-adc1cc5\" data-id=\"adc1cc5\" data-element_type=\"column\" data-settings=\"{&quot;background_background&quot;:&quot;classic&quot;}\">\n\t\t\t<div class=\"elementor-widget-wrap elementor-element-populated\">\n\t\t\t\t\t\t\t\t<div class=\"elementor-element elementor-element-502be11 elementor-widget elementor-widget-heading\" data-id=\"502be11\" data-element_type=\"widget\" data-widget_type=\"heading.default\">\n\t\t\t\t<div class=\"elementor-widget-container\">\n\t\t\t<style>\/*! elementor - v3.16.0 - 20-09-2023 *\/\n.elementor-heading-title{padding:0;margin:0;line-height:1}.elementor-widget-heading .elementor-heading-title[class*=elementor-size-]>a{color:inherit;font-size:inherit;line-height:inherit}.elementor-widget-heading .elementor-heading-title.elementor-size-small{font-size:15px}.elementor-widget-heading .elementor-heading-title.elementor-size-medium{font-size:19px}.elementor-widget-heading .elementor-heading-title.elementor-size-large{font-size:29px}.elementor-widget-heading .elementor-heading-title.elementor-size-xl{font-size:39px}.elementor-widget-heading .elementor-heading-title.elementor-size-xxl{font-size:59px}<\/style><h1 class=\"elementor-heading-title elementor-size-default\">NUESTRA AMBICI\u00d3N<\/h1>\t\t<\/div>\n\t\t\t\t<\/div>\n\t\t\t\t<div class=\"elementor-element elementor-element-75f817c elementor-widget elementor-widget-text-editor\" data-id=\"75f817c\" data-element_type=\"widget\" data-widget_type=\"text-editor.default\">\n\t\t\t\t<div class=\"elementor-widget-container\">\n\t\t\t<style>\/*! elementor - v3.16.0 - 20-09-2023 *\/\n.elementor-widget-text-editor.elementor-drop-cap-view-stacked .elementor-drop-cap{background-color:#69727d;color:#fff}.elementor-widget-text-editor.elementor-drop-cap-view-framed .elementor-drop-cap{color:#69727d;border:3px solid;background-color:transparent}.elementor-widget-text-editor:not(.elementor-drop-cap-view-default) .elementor-drop-cap{margin-top:8px}.elementor-widget-text-editor:not(.elementor-drop-cap-view-default) .elementor-drop-cap-letter{width:1em;height:1em}.elementor-widget-text-editor .elementor-drop-cap{float:left;text-align:center;line-height:1;font-size:50px}.elementor-widget-text-editor .elementor-drop-cap-letter{display:inline-block}<\/style>\t\t\t\t<p>Nuestra ambici\u00f3n es hacer que usted<br \/>Los viajes y el sue\u00f1o de todos a trav\u00e9s de la cocina<br \/>Peruano. Queremos hacer<br \/>Descubrir la riqueza de sabor<br \/>Y nuestras especias en un marco de<br \/>F\u00e1cil de usar, elegante y moderno<\/p>\t\t\t\t\t\t<\/div>\n\t\t\t\t<\/div>\n\t\t\t\t\t<\/div>\n\t\t<\/div>\n\t\t\t\t\t\t\t<\/div>\n\t\t<\/section>\n\t\t\t\t<section class=\"elementor-section elementor-top-section elementor-element elementor-element-eb2824e elementor-section-content-middle elementor-section-boxed elementor-section-height-default elementor-section-height-default\" data-id=\"eb2824e\" data-element_type=\"section\" data-settings=\"{&quot;background_background&quot;:&quot;classic&quot;,&quot;_ha_eqh_enable&quot;:false}\">\n\t\t\t\t\t\t<div class=\"elementor-container elementor-column-gap-no\">\n\t\t\t\t\t<div class=\"elementor-column elementor-col-100 elementor-top-column elementor-element elementor-element-0153510\" data-id=\"0153510\" data-element_type=\"column\">\n\t\t\t<div class=\"elementor-widget-wrap elementor-element-populated\">\n\t\t\t\t\t\t\t\t<section class=\"elementor-section elementor-inner-section elementor-element elementor-element-c8ca362 elementor-section-boxed elementor-section-height-default elementor-section-height-default\" data-id=\"c8ca362\" data-element_type=\"section\" data-settings=\"{&quot;_ha_eqh_enable&quot;:false}\">\n\t\t\t\t\t\t<div class=\"elementor-container elementor-column-gap-no\">\n\t\t\t\t\t<div class=\"elementor-column elementor-col-100 elementor-inner-column elementor-element elementor-element-af0bd83\" data-id=\"af0bd83\" data-element_type=\"column\">\n\t\t\t<div class=\"elementor-widget-wrap elementor-element-populated\">\n\t\t\t\t\t\t\t\t<div class=\"elementor-element elementor-element-bdb8c87 elementor-widget elementor-widget-heading\" data-id=\"bdb8c87\" data-element_type=\"widget\" data-widget_type=\"heading.default\">\n\t\t\t\t<div class=\"elementor-widget-container\">\n\t\t\t<h3 class=\"elementor-heading-title elementor-size-default\">EXPERIENCIA\nSOLO<\/h3>\t\t<\/div>\n\t\t\t\t<\/div>\n\t\t\t\t<div class=\"elementor-element elementor-element-381f345 elementor-widget-divider--view-line elementor-widget elementor-widget-divider\" data-id=\"381f345\" data-element_type=\"widget\" data-widget_type=\"divider.default\">\n\t\t\t\t<div class=\"elementor-widget-container\">\n\t\t\t<style>\/*! elementor - v3.16.0 - 20-09-2023 *\/\n.elementor-widget-divider{--divider-border-style:none;--divider-border-width:1px;--divider-color:#0c0d0e;--divider-icon-size:20px;--divider-element-spacing:10px;--divider-pattern-height:24px;--divider-pattern-size:20px;--divider-pattern-url:none;--divider-pattern-repeat:repeat-x}.elementor-widget-divider .elementor-divider{display:flex}.elementor-widget-divider .elementor-divider__text{font-size:15px;line-height:1;max-width:95%}.elementor-widget-divider .elementor-divider__element{margin:0 var(--divider-element-spacing);flex-shrink:0}.elementor-widget-divider .elementor-icon{font-size:var(--divider-icon-size)}.elementor-widget-divider .elementor-divider-separator{display:flex;margin:0;direction:ltr}.elementor-widget-divider--view-line_icon .elementor-divider-separator,.elementor-widget-divider--view-line_text .elementor-divider-separator{align-items:center}.elementor-widget-divider--view-line_icon .elementor-divider-separator:after,.elementor-widget-divider--view-line_icon .elementor-divider-separator:before,.elementor-widget-divider--view-line_text .elementor-divider-separator:after,.elementor-widget-divider--view-line_text .elementor-divider-separator:before{display:block;content:\"\";border-bottom:0;flex-grow:1;border-top:var(--divider-border-width) var(--divider-border-style) var(--divider-color)}.elementor-widget-divider--element-align-left .elementor-divider .elementor-divider-separator>.elementor-divider__svg:first-of-type{flex-grow:0;flex-shrink:100}.elementor-widget-divider--element-align-left .elementor-divider-separator:before{content:none}.elementor-widget-divider--element-align-left .elementor-divider__element{margin-left:0}.elementor-widget-divider--element-align-right .elementor-divider .elementor-divider-separator>.elementor-divider__svg:last-of-type{flex-grow:0;flex-shrink:100}.elementor-widget-divider--element-align-right .elementor-divider-separator:after{content:none}.elementor-widget-divider--element-align-right .elementor-divider__element{margin-right:0}.elementor-widget-divider:not(.elementor-widget-divider--view-line_text):not(.elementor-widget-divider--view-line_icon) .elementor-divider-separator{border-top:var(--divider-border-width) var(--divider-border-style) var(--divider-color)}.elementor-widget-divider--separator-type-pattern{--divider-border-style:none}.elementor-widget-divider--separator-type-pattern.elementor-widget-divider--view-line .elementor-divider-separator,.elementor-widget-divider--separator-type-pattern:not(.elementor-widget-divider--view-line) .elementor-divider-separator:after,.elementor-widget-divider--separator-type-pattern:not(.elementor-widget-divider--view-line) .elementor-divider-separator:before,.elementor-widget-divider--separator-type-pattern:not([class*=elementor-widget-divider--view]) .elementor-divider-separator{width:100%;min-height:var(--divider-pattern-height);-webkit-mask-size:var(--divider-pattern-size) 100%;mask-size:var(--divider-pattern-size) 100%;-webkit-mask-repeat:var(--divider-pattern-repeat);mask-repeat:var(--divider-pattern-repeat);background-color:var(--divider-color);-webkit-mask-image:var(--divider-pattern-url);mask-image:var(--divider-pattern-url)}.elementor-widget-divider--no-spacing{--divider-pattern-size:auto}.elementor-widget-divider--bg-round{--divider-pattern-repeat:round}.rtl .elementor-widget-divider .elementor-divider__text{direction:rtl}.e-con-inner>.elementor-widget-divider,.e-con>.elementor-widget-divider{width:var(--container-widget-width,100%);--flex-grow:var(--container-widget-flex-grow)}<\/style>\t\t<div class=\"elementor-divider\">\n\t\t\t<span class=\"elementor-divider-separator\">\n\t\t\t\t\t\t<\/span>\n\t\t<\/div>\n\t\t\t\t<\/div>\n\t\t\t\t<\/div>\n\t\t\t\t\t<\/div>\n\t\t<\/div>\n\t\t\t\t\t\t\t<\/div>\n\t\t<\/section>\n\t\t\t\t<div class=\"elementor-element elementor-element-2a14799 elementor-hidden-tablet elementor-hidden-mobile elementor-widget elementor-widget-premium-img-layers-addon\" data-id=\"2a14799\" data-element_type=\"widget\" data-widget_type=\"premium-img-layers-addon.default\">\n\t\t\t\t<div class=\"elementor-widget-container\">\n\t\t\t\r\n\t<div id=\"premium-img-layers-wrapper\" class=\"premium-img-layers-wrapper\" data-devices=\"[&quot;desktop&quot;,&quot;tablet&quot;,&quot;mobile&quot;]\">\r\n\t\t<ul class=\"premium-img-layers-list-wrapper\">\r\n\t\t\t\r\n\t\t\t\t<li class=\"premium-img-layers-list-item absolute  elementor-repeater-item-18a380b\" data-layer-animation=\" \">\r\n\t\t\t\t\t\t\t\t\t\t\t\t<img decoding=\"async\" src=\"https:\/\/resto-chezloic.ch\/wp-content\/uploads\/2021\/08\/perubbian2.png\" class=\"premium-img-layers-image\" alt=\"perubbian2\">\r\n\t\t\t\t\t\t\r\n\t\t\t\t\t\r\n\t\t\t\t<\/li>\r\n\t\t\t\r\n\t\t\t\t<li class=\"premium-img-layers-list-item absolute  elementor-repeater-item-cac38c2\" data-layer-animation=\" \">\r\n\t\t\t\t\t\t\t\t\t\t\t\t<img decoding=\"async\" src=\"https:\/\/resto-chezloic.ch\/wp-content\/uploads\/2021\/08\/pollo3.png\" class=\"premium-img-layers-image\" alt=\"pollo3\">\r\n\t\t\t\t\t\t\r\n\t\t\t\t\t\r\n\t\t\t\t<\/li>\r\n\t\t\t\t\t<\/ul>\r\n\t<\/div>\r\n\r\n\t\t\t\t<\/div>\n\t\t\t\t<\/div>\n\t\t\t\t<section class=\"elementor-section elementor-inner-section elementor-element elementor-element-a946ec0 elementor-section-boxed elementor-section-height-default elementor-section-height-default\" data-id=\"a946ec0\" data-element_type=\"section\" data-settings=\"{&quot;_ha_eqh_enable&quot;:false}\">\n\t\t\t\t\t\t<div class=\"elementor-container elementor-column-gap-no\">\n\t\t\t\t\t<div class=\"elementor-column elementor-col-50 elementor-inner-column elementor-element elementor-element-560121e\" data-id=\"560121e\" data-element_type=\"column\">\n\t\t\t<div class=\"elementor-widget-wrap elementor-element-populated\">\n\t\t\t\t\t\t\t\t<div class=\"elementor-element elementor-element-1f76731 elementor-widget elementor-widget-heading\" data-id=\"1f76731\" data-element_type=\"widget\" data-widget_type=\"heading.default\">\n\t\t\t\t<div class=\"elementor-widget-container\">\n\t\t\t<h4 class=\"elementor-heading-title elementor-size-default\">NUESTRA HISTORIA<br>\nEn Lo\u00efc vio la luz del d\u00eda en el 2004\nY \u00e9l sabe que gracias a sus clientes, el \u00e9xito\nFloreciente. Prestamos una atenci\u00f3n especial\nA la satisfacci\u00f3n y a petici\u00f3n de nuestros clientes,\nEn un esp\u00edritu de mejora continua.\nNuestro restaurante tiene una capacidad de 40 asientos\nY es adecuado para cualquier tipo de ocasi\u00f3n.<\/h4>\t\t<\/div>\n\t\t\t\t<\/div>\n\t\t\t\t\t<\/div>\n\t\t<\/div>\n\t\t\t\t<div class=\"elementor-column elementor-col-50 elementor-inner-column elementor-element elementor-element-5342b31\" data-id=\"5342b31\" data-element_type=\"column\">\n\t\t\t<div class=\"elementor-widget-wrap elementor-element-populated\">\n\t\t\t\t\t\t\t\t<div class=\"elementor-element elementor-element-c290c71 elementor-widget elementor-widget-heading\" data-id=\"c290c71\" data-element_type=\"widget\" data-widget_type=\"heading.default\">\n\t\t\t\t<div class=\"elementor-widget-container\">\n\t\t\t<h5 class=\"elementor-heading-title elementor-size-default\">AUTENTICIDAD<\/h5>\t\t<\/div>\n\t\t\t\t<\/div>\n\t\t\t\t<div class=\"elementor-element elementor-element-b54cafd elementor-widget elementor-widget-text-editor\" data-id=\"b54cafd\" data-element_type=\"widget\" data-widget_type=\"text-editor.default\">\n\t\t\t\t<div class=\"elementor-widget-container\">\n\t\t\t\t\t\t\t<p>Con ganas de descubrir<br \/>La cocina Peruvienne de acuerdo a la<br \/>La tradici\u00f3n y la cultura, nuestro maestro<br \/>Cocineros uso de especias y productos frescos<br \/>Trabaj\u00f3 con los m\u00e9todos<br \/>Tradicional Peruana.<br \/>Listo para comenzar su viaje culinario ?<\/p>\t\t\t\t\t\t<\/div>\n\t\t\t\t<\/div>\n\t\t\t\t\t<\/div>\n\t\t<\/div>\n\t\t\t\t\t\t\t<\/div>\n\t\t<\/section>\n\t\t\t\t<section class=\"elementor-section elementor-inner-section elementor-element elementor-element-0d720bb elementor-section-boxed elementor-section-height-default elementor-section-height-default\" data-id=\"0d720bb\" data-element_type=\"section\" data-settings=\"{&quot;_ha_eqh_enable&quot;:false}\">\n\t\t\t\t\t\t<div class=\"elementor-container elementor-column-gap-no\">\n\t\t\t\t\t<div class=\"elementor-column elementor-col-100 elementor-inner-column elementor-element elementor-element-6010993\" data-id=\"6010993\" data-element_type=\"column\">\n\t\t\t<div class=\"elementor-widget-wrap elementor-element-populated\">\n\t\t\t\t\t\t\t\t<div class=\"elementor-element elementor-element-3119c6c elementor-widget elementor-widget-heading\" data-id=\"3119c6c\" data-element_type=\"widget\" data-widget_type=\"heading.default\">\n\t\t\t\t<div class=\"elementor-widget-container\">\n\t\t\t<h3 class=\"elementor-heading-title elementor-size-default\">UN MARCO PARA LA TRADICIONAL\n\n<\/h3>\t\t<\/div>\n\t\t\t\t<\/div>\n\t\t\t\t<div class=\"elementor-element elementor-element-6619ff0 elementor-widget-divider--view-line elementor-widget elementor-widget-divider\" data-id=\"6619ff0\" data-element_type=\"widget\" data-widget_type=\"divider.default\">\n\t\t\t\t<div class=\"elementor-widget-container\">\n\t\t\t\t\t<div class=\"elementor-divider\">\n\t\t\t<span class=\"elementor-divider-separator\">\n\t\t\t\t\t\t<\/span>\n\t\t<\/div>\n\t\t\t\t<\/div>\n\t\t\t\t<\/div>\n\t\t\t\t<div class=\"elementor-element elementor-element-1d239c4 elementor-widget elementor-widget-heading\" data-id=\"1d239c4\" data-element_type=\"widget\" data-widget_type=\"heading.default\">\n\t\t\t\t<div class=\"elementor-widget-container\">\n\t\t\t<h5 class=\"elementor-heading-title elementor-size-default\">El \u00fanico de Per\u00fa en Lausana\nLa experiencia En Lo\u00efc te sumerge\nEn el coraz\u00f3n de un entorno elegante, recordando \nlos valores de nuestras regiones en las que\nla alegr\u00eda y la satisfacci\u00f3n son en la\nel coraz\u00f3n de nuestra prioridad<\/h5>\t\t<\/div>\n\t\t\t\t<\/div>\n\t\t\t\t<div class=\"elementor-element elementor-element-2bb9b13 elementor-widget elementor-widget-button\" data-id=\"2bb9b13\" data-element_type=\"widget\" data-widget_type=\"button.default\">\n\t\t\t\t<div class=\"elementor-widget-container\">\n\t\t\t\t\t<div class=\"elementor-button-wrapper\">\n\t\t\t<a class=\"elementor-button elementor-button-link elementor-size-md\" href=\"#\">\n\t\t\t\t\t\t<span class=\"elementor-button-content-wrapper\">\n\t\t\t\t\t\t<span class=\"elementor-button-icon elementor-align-icon-right\">\n\t\t\t\t<i aria-hidden=\"true\" class=\"fas fa-chevron-right\"><\/i>\t\t\t<\/span>\n\t\t\t\t\t\t<span class=\"elementor-button-text\">Nuestra galer\u00eda<\/span>\n\t\t<\/span>\n\t\t\t\t\t<\/a>\n\t\t<\/div>\n\t\t\t\t<\/div>\n\t\t\t\t<\/div>\n\t\t\t\t\t<\/div>\n\t\t<\/div>\n\t\t\t\t\t\t\t<\/div>\n\t\t<\/section>\n\t\t\t\t\t<\/div>\n\t\t<\/div>\n\t\t\t\t\t\t\t<\/div>\n\t\t<\/section>\n\t\t\t\t<section class=\"elementor-section elementor-top-section elementor-element elementor-element-5b68ad4 elementor-reverse-mobile elementor-section-boxed elementor-section-height-default elementor-section-height-default\" data-id=\"5b68ad4\" data-element_type=\"section\" data-settings=\"{&quot;background_background&quot;:&quot;classic&quot;,&quot;_ha_eqh_enable&quot;:false}\">\n\t\t\t\t\t\t<div class=\"elementor-container elementor-column-gap-no\">\n\t\t\t\t\t<div class=\"elementor-column elementor-col-33 elementor-top-column elementor-element elementor-element-ad4b396\" data-id=\"ad4b396\" data-element_type=\"column\">\n\t\t\t<div class=\"elementor-widget-wrap elementor-element-populated\">\n\t\t\t\t\t\t\t\t<div class=\"elementor-element elementor-element-e4ba249 elementor-widget elementor-widget-image\" data-id=\"e4ba249\" data-element_type=\"widget\" data-widget_type=\"image.default\">\n\t\t\t\t<div class=\"elementor-widget-container\">\n\t\t\t<style>\/*! elementor - v3.16.0 - 20-09-2023 *\/\n.elementor-widget-image{text-align:center}.elementor-widget-image a{display:inline-block}.elementor-widget-image a img[src$=\".svg\"]{width:48px}.elementor-widget-image img{vertical-align:middle;display:inline-block}<\/style>\t\t\t\t\t\t\t\t\t\t\t\t<img loading=\"lazy\" decoding=\"async\" width=\"1280\" height=\"720\" src=\"https:\/\/resto-chezloic.ch\/wp-content\/uploads\/2021\/11\/WhatsApp-Image-2021-11-01-at-1.36.22-PM.jpeg\" class=\"attachment-full size-full wp-image-2145\" alt=\"\" srcset=\"https:\/\/resto-chezloic.ch\/wp-content\/uploads\/2021\/11\/WhatsApp-Image-2021-11-01-at-1.36.22-PM.jpeg 1280w, https:\/\/resto-chezloic.ch\/wp-content\/uploads\/2021\/11\/WhatsApp-Image-2021-11-01-at-1.36.22-PM-300x169.jpeg 300w, https:\/\/resto-chezloic.ch\/wp-content\/uploads\/2021\/11\/WhatsApp-Image-2021-11-01-at-1.36.22-PM-1024x576.jpeg 1024w, https:\/\/resto-chezloic.ch\/wp-content\/uploads\/2021\/11\/WhatsApp-Image-2021-11-01-at-1.36.22-PM-768x432.jpeg 768w, https:\/\/resto-chezloic.ch\/wp-content\/uploads\/2021\/11\/WhatsApp-Image-2021-11-01-at-1.36.22-PM-600x338.jpeg 600w\" sizes=\"auto, (max-width: 1280px) 100vw, 1280px\" \/>\t\t\t\t\t\t\t\t\t\t\t\t\t\t\t<\/div>\n\t\t\t\t<\/div>\n\t\t\t\t<div class=\"elementor-element elementor-element-c82a8af elementor-widget elementor-widget-image\" data-id=\"c82a8af\" data-element_type=\"widget\" data-widget_type=\"image.default\">\n\t\t\t\t<div class=\"elementor-widget-container\">\n\t\t\t\t\t\t\t\t\t\t\t\t\t\t\t<img loading=\"lazy\" decoding=\"async\" width=\"1280\" height=\"853\" src=\"https:\/\/resto-chezloic.ch\/wp-content\/uploads\/2021\/11\/WhatsApp-Image-2021-11-01-at-1.35.49-PM.jpeg\" class=\"attachment-full size-full wp-image-2143\" alt=\"\" srcset=\"https:\/\/resto-chezloic.ch\/wp-content\/uploads\/2021\/11\/WhatsApp-Image-2021-11-01-at-1.35.49-PM.jpeg 1280w, https:\/\/resto-chezloic.ch\/wp-content\/uploads\/2021\/11\/WhatsApp-Image-2021-11-01-at-1.35.49-PM-300x200.jpeg 300w, https:\/\/resto-chezloic.ch\/wp-content\/uploads\/2021\/11\/WhatsApp-Image-2021-11-01-at-1.35.49-PM-1024x682.jpeg 1024w, https:\/\/resto-chezloic.ch\/wp-content\/uploads\/2021\/11\/WhatsApp-Image-2021-11-01-at-1.35.49-PM-768x512.jpeg 768w, https:\/\/resto-chezloic.ch\/wp-content\/uploads\/2021\/11\/WhatsApp-Image-2021-11-01-at-1.35.49-PM-600x400.jpeg 600w\" sizes=\"auto, (max-width: 1280px) 100vw, 1280px\" \/>\t\t\t\t\t\t\t\t\t\t\t\t\t\t\t<\/div>\n\t\t\t\t<\/div>\n\t\t\t\t\t<\/div>\n\t\t<\/div>\n\t\t\t\t<div class=\"elementor-column elementor-col-33 elementor-top-column elementor-element elementor-element-d40bad9\" data-id=\"d40bad9\" data-element_type=\"column\">\n\t\t\t<div class=\"elementor-widget-wrap elementor-element-populated\">\n\t\t\t\t\t\t\t\t<div class=\"elementor-element elementor-element-f3cc91c elementor-widget elementor-widget-image\" data-id=\"f3cc91c\" data-element_type=\"widget\" data-widget_type=\"image.default\">\n\t\t\t\t<div class=\"elementor-widget-container\">\n\t\t\t\t\t\t\t\t\t\t\t\t\t\t\t<img loading=\"lazy\" decoding=\"async\" width=\"1280\" height=\"853\" src=\"https:\/\/resto-chezloic.ch\/wp-content\/uploads\/2021\/11\/WhatsApp-Image-2021-11-01-at-1.35.31-PM.jpeg\" class=\"attachment-full size-full wp-image-2147\" alt=\"\" srcset=\"https:\/\/resto-chezloic.ch\/wp-content\/uploads\/2021\/11\/WhatsApp-Image-2021-11-01-at-1.35.31-PM.jpeg 1280w, https:\/\/resto-chezloic.ch\/wp-content\/uploads\/2021\/11\/WhatsApp-Image-2021-11-01-at-1.35.31-PM-300x200.jpeg 300w, https:\/\/resto-chezloic.ch\/wp-content\/uploads\/2021\/11\/WhatsApp-Image-2021-11-01-at-1.35.31-PM-1024x682.jpeg 1024w, https:\/\/resto-chezloic.ch\/wp-content\/uploads\/2021\/11\/WhatsApp-Image-2021-11-01-at-1.35.31-PM-768x512.jpeg 768w, https:\/\/resto-chezloic.ch\/wp-content\/uploads\/2021\/11\/WhatsApp-Image-2021-11-01-at-1.35.31-PM-600x400.jpeg 600w\" sizes=\"auto, (max-width: 1280px) 100vw, 1280px\" \/>\t\t\t\t\t\t\t\t\t\t\t\t\t\t\t<\/div>\n\t\t\t\t<\/div>\n\t\t\t\t\t<\/div>\n\t\t<\/div>\n\t\t\t\t<div class=\"elementor-column elementor-col-33 elementor-top-column elementor-element elementor-element-1481307\" data-id=\"1481307\" data-element_type=\"column\">\n\t\t\t<div class=\"elementor-widget-wrap elementor-element-populated\">\n\t\t\t\t\t\t\t\t<div class=\"elementor-element elementor-element-db471c0 elementor-widget-mobile__width-initial elementor-widget elementor-widget-image\" data-id=\"db471c0\" data-element_type=\"widget\" data-widget_type=\"image.default\">\n\t\t\t\t<div class=\"elementor-widget-container\">\n\t\t\t\t\t\t\t\t\t\t\t\t\t\t\t<img loading=\"lazy\" decoding=\"async\" width=\"1280\" height=\"853\" src=\"https:\/\/resto-chezloic.ch\/wp-content\/uploads\/2021\/11\/WhatsApp-Image-2021-11-01-at-1.36.04-PM.jpeg\" class=\"attachment-full size-full wp-image-2144\" alt=\"\" srcset=\"https:\/\/resto-chezloic.ch\/wp-content\/uploads\/2021\/11\/WhatsApp-Image-2021-11-01-at-1.36.04-PM.jpeg 1280w, https:\/\/resto-chezloic.ch\/wp-content\/uploads\/2021\/11\/WhatsApp-Image-2021-11-01-at-1.36.04-PM-300x200.jpeg 300w, https:\/\/resto-chezloic.ch\/wp-content\/uploads\/2021\/11\/WhatsApp-Image-2021-11-01-at-1.36.04-PM-1024x682.jpeg 1024w, https:\/\/resto-chezloic.ch\/wp-content\/uploads\/2021\/11\/WhatsApp-Image-2021-11-01-at-1.36.04-PM-768x512.jpeg 768w, https:\/\/resto-chezloic.ch\/wp-content\/uploads\/2021\/11\/WhatsApp-Image-2021-11-01-at-1.36.04-PM-600x400.jpeg 600w\" sizes=\"auto, (max-width: 1280px) 100vw, 1280px\" \/>\t\t\t\t\t\t\t\t\t\t\t\t\t\t\t<\/div>\n\t\t\t\t<\/div>\n\t\t\t\t<div class=\"elementor-element elementor-element-f67b98e elementor-widget-mobile__width-initial elementor-widget elementor-widget-image\" data-id=\"f67b98e\" data-element_type=\"widget\" data-widget_type=\"image.default\">\n\t\t\t\t<div class=\"elementor-widget-container\">\n\t\t\t\t\t\t\t\t\t\t\t\t\t\t\t<img loading=\"lazy\" decoding=\"async\" width=\"1280\" height=\"853\" src=\"https:\/\/resto-chezloic.ch\/wp-content\/uploads\/2021\/11\/WhatsApp-Image-2021-11-01-at-1.35.13-PM.jpeg\" class=\"attachment-full size-full wp-image-2146\" alt=\"\" srcset=\"https:\/\/resto-chezloic.ch\/wp-content\/uploads\/2021\/11\/WhatsApp-Image-2021-11-01-at-1.35.13-PM.jpeg 1280w, https:\/\/resto-chezloic.ch\/wp-content\/uploads\/2021\/11\/WhatsApp-Image-2021-11-01-at-1.35.13-PM-300x200.jpeg 300w, https:\/\/resto-chezloic.ch\/wp-content\/uploads\/2021\/11\/WhatsApp-Image-2021-11-01-at-1.35.13-PM-1024x682.jpeg 1024w, https:\/\/resto-chezloic.ch\/wp-content\/uploads\/2021\/11\/WhatsApp-Image-2021-11-01-at-1.35.13-PM-768x512.jpeg 768w, https:\/\/resto-chezloic.ch\/wp-content\/uploads\/2021\/11\/WhatsApp-Image-2021-11-01-at-1.35.13-PM-600x400.jpeg 600w\" sizes=\"auto, (max-width: 1280px) 100vw, 1280px\" \/>\t\t\t\t\t\t\t\t\t\t\t\t\t\t\t<\/div>\n\t\t\t\t<\/div>\n\t\t\t\t\t<\/div>\n\t\t<\/div>\n\t\t\t\t\t\t\t<\/div>\n\t\t<\/section>\n\t\t\t\t<section class=\"elementor-section elementor-top-section elementor-element elementor-element-32a9308 elementor-section-boxed elementor-section-height-default elementor-section-height-default\" data-id=\"32a9308\" data-element_type=\"section\" data-settings=\"{&quot;_ha_eqh_enable&quot;:false}\">\n\t\t\t\t\t\t<div class=\"elementor-container elementor-column-gap-default\">\n\t\t\t\t\t<div class=\"elementor-column elementor-col-100 elementor-top-column elementor-element elementor-element-3a68cef\" data-id=\"3a68cef\" data-element_type=\"column\">\n\t\t\t<div class=\"elementor-widget-wrap\">\n\t\t\t\t\t\t\t\t\t<\/div>\n\t\t<\/div>\n\t\t\t\t\t\t\t<\/div>\n\t\t<\/section>\n\t\t\t\t\t\t\t<\/div>","protected":false},"excerpt":{"rendered":"<p>NOTRE AMBITION Notre ambition est de vous faireVoyager et r\u00eaver \u00e0 travers la cuisineP\u00e9ruvienne. Nous voulons vous faireD\u00e9couvrir la richesse de nos saveurEt de nos \u00e9pices dans un cadreConvivial, \u00e9l\u00e9gant et moderne UNE EXP\u00c9RIENCE UNIQUE NOTRE HISTOIRE Chez Lo\u00efc \u00e0 vu le jour en 2004 Et connait gr\u00e2ce \u00e0 ses clients, un succ\u00e8s Florissant. Nous&#8230;<\/p>","protected":false},"author":1,"featured_media":0,"parent":0,"menu_order":0,"comment_status":"closed","ping_status":"closed","template":"","meta":{"site-sidebar-layout":"no-sidebar","site-content-layout":"page-builder","ast-site-content-layout":"","site-content-style":"default","site-sidebar-style":"default","ast-global-header-display":"","ast-banner-title-visibility":"","ast-main-header-display":"","ast-hfb-above-header-display":"","ast-hfb-below-header-display":"","ast-hfb-mobile-header-display":"","site-post-title":"disabled","ast-breadcrumbs-content":"disabled","ast-featured-img":"disabled","footer-sml-layout":"","theme-transparent-header-meta":"enabled","adv-header-id-meta":"","stick-header-meta":"","header-above-stick-meta":"","header-main-stick-meta":"","header-below-stick-meta":"","astra-migrate-meta-layouts":"","footnotes":""},"class_list":["post-652","page","type-page","status-publish","hentry"],"_links":{"self":[{"href":"https:\/\/resto-chezloic.ch\/es\/wp-json\/wp\/v2\/pages\/652","targetHints":{"allow":["GET"]}}],"collection":[{"href":"https:\/\/resto-chezloic.ch\/es\/wp-json\/wp\/v2\/pages"}],"about":[{"href":"https:\/\/resto-chezloic.ch\/es\/wp-json\/wp\/v2\/types\/page"}],"author":[{"embeddable":true,"href":"https:\/\/resto-chezloic.ch\/es\/wp-json\/wp\/v2\/users\/1"}],"replies":[{"embeddable":true,"href":"https:\/\/resto-chezloic.ch\/es\/wp-json\/wp\/v2\/comments?post=652"}],"version-history":[{"count":45,"href":"https:\/\/resto-chezloic.ch\/es\/wp-json\/wp\/v2\/pages\/652\/revisions"}],"predecessor-version":[{"id":2286,"href":"https:\/\/resto-chezloic.ch\/es\/wp-json\/wp\/v2\/pages\/652\/revisions\/2286"}],"wp:attachment":[{"href":"https:\/\/resto-chezloic.ch\/es\/wp-json\/wp\/v2\/media?parent=652"}],"curies":[{"name":"wp","href":"https:\/\/api.w.org\/{rel}","templated":true}]}}