{"id":1641,"date":"2021-09-05T03:29:13","date_gmt":"2021-09-05T03:29:13","guid":{"rendered":"http:\/\/resto-chezloic.ch\/?page_id=1641"},"modified":"2021-11-17T20:50:20","modified_gmt":"2021-11-17T18:50:20","slug":"reservation","status":"publish","type":"page","link":"https:\/\/resto-chezloic.ch\/es\/reservation\/","title":{"rendered":"Reserva"},"content":{"rendered":"<div data-elementor-type=\"wp-page\" data-elementor-id=\"1641\" class=\"elementor elementor-1641\">\n\t\t\t\t\t\t\t\t\t<section class=\"elementor-section elementor-top-section elementor-element elementor-element-3db4a2c elementor-section-boxed elementor-section-height-default elementor-section-height-default\" data-id=\"3db4a2c\" data-element_type=\"section\" data-settings=\"{&quot;background_background&quot;:&quot;classic&quot;,&quot;_ha_eqh_enable&quot;:false}\">\n\t\t\t\t\t\t\t<div class=\"elementor-background-overlay\"><\/div>\n\t\t\t\t\t\t\t<div class=\"elementor-container elementor-column-gap-default\">\n\t\t\t\t\t<div class=\"elementor-column elementor-col-100 elementor-top-column elementor-element elementor-element-29304bb\" data-id=\"29304bb\" data-element_type=\"column\">\n\t\t\t<div class=\"elementor-widget-wrap elementor-element-populated\">\n\t\t\t\t\t\t\t\t<div class=\"elementor-element elementor-element-49e045b elementor-widget elementor-widget-premium-addon-title\" data-id=\"49e045b\" data-element_type=\"widget\" data-widget_type=\"premium-addon-title.default\">\n\t\t\t\t<div class=\"elementor-widget-container\">\n\t\t\t\r\n\t<div class=\"premium-title-container style2\">\r\n\t\t<h2 class=\"premium-title-header premium-title-style2\">\r\n\t\t\t\r\n\t\t\t\r\n\t\t\t\t\t\t\t\t\t<span class=\"premium-title-text\" >\r\n\t\t\t\tReserva\t\t\t<\/span>\r\n\t\t\t\t\r\n\t\t\t\t\t\t\t\t<\/h2>\r\n\t<\/div>\r\n\r\n\t\t\t\t<\/div>\n\t\t\t\t<\/div>\n\t\t\t\t<section class=\"elementor-section elementor-inner-section elementor-element elementor-element-b363815 elementor-section-full_width bebidas elementor-section-height-default elementor-section-height-default\" data-id=\"b363815\" data-element_type=\"section\" data-settings=\"{&quot;background_background&quot;:&quot;classic&quot;,&quot;_ha_eqh_enable&quot;:false}\">\n\t\t\t\t\t\t\t<div class=\"elementor-background-overlay\"><\/div>\n\t\t\t\t\t\t\t<div class=\"elementor-container elementor-column-gap-default\">\n\t\t\t\t\t<div class=\"elementor-column elementor-col-50 elementor-inner-column elementor-element elementor-element-06f8f7d\" data-id=\"06f8f7d\" data-element_type=\"column\">\n\t\t\t<div class=\"elementor-widget-wrap elementor-element-populated\">\n\t\t\t\t\t\t\t\t<div class=\"elementor-element elementor-element-5e3fdf8 elementor-widget elementor-widget-jet-engine-booking-form\" data-id=\"5e3fdf8\" data-element_type=\"widget\" data-widget_type=\"jet-engine-booking-form.default\">\n\t\t\t\t<div class=\"elementor-widget-container\">\n\t\t\t<form  class=\"jet-form layout-column submit-type-reload\" action=\"https:\/\/resto-chezloic.ch\/es\/?jet_engine_action=book\" method=\"POST\" data-form-id=\"1631\" data-trp-original-action=\"https:\/\/resto-chezloic.ch\/es\/?jet_engine_action=book\"><input class=\"jet-form__field hidden-field\" type=\"hidden\" name=\"_jet_engine_booking_form_id\" value=\"1631\" data-field-name=\"_jet_engine_booking_form_id\"><input class=\"jet-form__field hidden-field\" type=\"hidden\" name=\"_jet_engine_refer\" value=\"https:\/\/resto-chezloic.ch\/es\/wp-json\/wp\/v2\/pages\/1641\" data-field-name=\"_jet_engine_refer\"><div  class=\"jet-form-row jet-form-row--hidden\"><div class=\"jet-form-col jet-form-col-12  field-type-hidden  jet-form-field-container\" data-field=\"page_id\" data-conditional=\"false\"><input class=\"jet-form__field hidden-field\" type=\"hidden\" name=\"page_id\" value=\"1641\" data-field-name=\"page_id\"><\/div><\/div><div  class=\"jet-form-row jet-form-row--first-visible\"><div class=\"jet-form-col jet-form-col-12  field-type-select  jet-form-field-container\" data-field=\"service_id\" data-conditional=\"false\"><div class=\"jet-form__label\">\n\t<span class=\"jet-form__label-text\" >N\u00famero de personas <span class=\"jet-form__required\">*<\/span><\/span>\n\t<\/div><select  required=\"required\" name=\"service_id\" data-field-name=\"service_id\" id=\"service_id\" data-default-val=\"\" class=\"jet-form__field select-field\"><option value=\"\" selected>Seleccione...<\/option><option value=\"1628\" >1 personas<\/option><option value=\"1629\" >2 personas<\/option><option value=\"1632\" >3 personas<\/option><option value=\"1633\" >4 personas<\/option><option value=\"1634\" >5 personas<\/option><option value=\"1635\" >6 personas<\/option><\/select><\/div><\/div><div  class=\"jet-form-row\"><div class=\"jet-form-col jet-form-col-12  field-type-appointment_date  jet-form-field-container\" data-field=\"appointment_date\" data-conditional=\"false\"><div class=\"jet-apb-calendar-wrapper\">\n\t<div class=\"appointment-calendar jet-apb-calendar\" data-args=\"{&quot;excludedDates&quot;:[],&quot;worksDates&quot;:[],&quot;availableWeekDays&quot;:[&quot;monday&quot;,&quot;tuesday&quot;,&quot;wednesday&quot;,&quot;thursday&quot;,&quot;friday&quot;,&quot;saturday&quot;,&quot;sunday&quot;],&quot;service&quot;:{&quot;field&quot;:&quot;service_id&quot;,&quot;0&quot;:0},&quot;providerIsset&quot;:false,&quot;provider&quot;:false,&quot;inputName&quot;:&quot;appointment_date&quot;,&quot;isRequired&quot;:true,&quot;allowedServices&quot;:false}\"><\/div>\n\t<div class=\"jet-apb-calendar-appointments-list-wrapper\" style=\"display: none\">\n\t\t<div class=\"jet-form__heading\">\n\t\t\t<span class=\"jet-form__label-text\">Appointment details:<\/span>\n\t\t<\/div>\n\t\t<div class=\"jet-apb-calendar-appointments-list\"><\/div>\n\t<\/div>\n\t<div class=\"jet-apb-calendar-notification\" style=\"display: none\">\n\t\t<div class=\"jet-apb-calendar-notification-service\">Please, select the service before<\/div>\n\t\t<div class=\"jet-apb-calendar-notification-provider\">Please, select the provider before<\/div>\n\t\t<div class=\"jet-apb-calendar-notification-service-field\">Please set service field for current calendar<\/div>\n\t\t<div class=\"jet-apb-calendar-notification-max-slots\">Sorry. You have the max number of appointments.<\/div>\n\t<\/div>\n<\/div><\/div><\/div><div  class=\"jet-form-row\"><div class=\"jet-form-col jet-form-col-12  field-type-text  jet-form-field-container\" data-field=\"user_email\" data-conditional=\"false\"><div class=\"jet-form__label\">\n\t<span class=\"jet-form__label-text\" >Correo electr\u00f3nico<span class=\"jet-form__required\">*<\/span><\/span>\n\t<\/div><input class=\"jet-form__field text-field\" value=\"\" required=\"required\" name=\"user_email\" id=\"user_email\" type=\"email\" data-field-name=\"user_email\"><\/div><\/div><div  class=\"jet-form-row\"><div class=\"jet-form-col jet-form-col-12  field-type-textarea  jet-form-field-container\" data-field=\"comments\" data-conditional=\"false\"><div class=\"jet-form__label\">\n\t<span class=\"jet-form__label-text\" >Comentarios<span class=\"jet-form__required\">*<\/span><\/span>\n\t<\/div><textarea class=\"jet-form__field textarea-field\" required=\"required\" name=\"comments\" data-field-name=\"comments\" id=\"comments\"><\/textarea><\/div><\/div><div  class=\"jet-form-row\"><div class=\"jet-form-col jet-form-col-12  field-type-text  jet-form-field-container\" data-field=\"phone\" data-conditional=\"false\"><div class=\"jet-form__label\">\n\t<span class=\"jet-form__label-text\" >Tel\u00e9fono<span class=\"jet-form__required\">*<\/span><\/span>\n\t<\/div><input class=\"jet-form__field text-field\" value=\"\" required=\"required\" name=\"phone\" id=\"phone\" type=\"text\" data-field-name=\"phone\"><\/div><\/div><div  class=\"jet-form-row jet-form-row--submit\"><div class=\"jet-form-col jet-form-col-12  field-type-submit  jet-form-field-container\" data-field=\"Submit\" data-conditional=\"false\"><div class=\"jet-form__submit-wrap\">\n\t\t<button class=\"jet-form__submit submit-type-reload\" type=\"submit\">Reserva Ahora<\/button>\n<\/div><\/div><\/div><input type=\"hidden\" name=\"trp-form-language\" value=\"es\"\/><\/form>\t\t<\/div>\n\t\t\t\t<\/div>\n\t\t\t\t\t<\/div>\n\t\t<\/div>\n\t\t\t\t<div class=\"elementor-column elementor-col-50 elementor-inner-column elementor-element elementor-element-ecb5a88\" data-id=\"ecb5a88\" data-element_type=\"column\">\n\t\t\t<div class=\"elementor-widget-wrap elementor-element-populated\">\n\t\t\t\t\t\t\t\t<div class=\"elementor-element elementor-element-dc2e450 elementor-widget elementor-widget-image\" data-id=\"dc2e450\" data-element_type=\"widget\" data-widget_type=\"image.default\">\n\t\t\t\t<div class=\"elementor-widget-container\">\n\t\t\t<style>\/*! elementor - v3.16.0 - 20-09-2023 *\/\n.elementor-widget-image{text-align:center}.elementor-widget-image a{display:inline-block}.elementor-widget-image a img[src$=\".svg\"]{width:48px}.elementor-widget-image img{vertical-align:middle;display:inline-block}<\/style>\t\t\t\t\t\t\t\t\t\t\t\t<img loading=\"lazy\" decoding=\"async\" width=\"1440\" height=\"960\" src=\"https:\/\/resto-chezloic.ch\/wp-content\/uploads\/2021\/09\/foto-historia-03.jpg\" class=\"attachment-full size-full wp-image-1707\" alt=\"\" srcset=\"https:\/\/resto-chezloic.ch\/wp-content\/uploads\/2021\/09\/foto-historia-03.jpg 1440w, https:\/\/resto-chezloic.ch\/wp-content\/uploads\/2021\/09\/foto-historia-03-300x200.jpg 300w, https:\/\/resto-chezloic.ch\/wp-content\/uploads\/2021\/09\/foto-historia-03-1024x683.jpg 1024w, https:\/\/resto-chezloic.ch\/wp-content\/uploads\/2021\/09\/foto-historia-03-768x512.jpg 768w, https:\/\/resto-chezloic.ch\/wp-content\/uploads\/2021\/09\/foto-historia-03-600x400.jpg 600w\" sizes=\"auto, (max-width: 1440px) 100vw, 1440px\" \/>\t\t\t\t\t\t\t\t\t\t\t\t\t\t\t<\/div>\n\t\t\t\t<\/div>\n\t\t\t\t<div class=\"elementor-element elementor-element-5e8fbc6 elementor-widget elementor-widget-text-editor\" data-id=\"5e8fbc6\" data-element_type=\"widget\" data-widget_type=\"text-editor.default\">\n\t\t\t\t<div class=\"elementor-widget-container\">\n\t\t\t<style>\/*! elementor - v3.16.0 - 20-09-2023 *\/\n.elementor-widget-text-editor.elementor-drop-cap-view-stacked .elementor-drop-cap{background-color:#69727d;color:#fff}.elementor-widget-text-editor.elementor-drop-cap-view-framed .elementor-drop-cap{color:#69727d;border:3px solid;background-color:transparent}.elementor-widget-text-editor:not(.elementor-drop-cap-view-default) .elementor-drop-cap{margin-top:8px}.elementor-widget-text-editor:not(.elementor-drop-cap-view-default) .elementor-drop-cap-letter{width:1em;height:1em}.elementor-widget-text-editor .elementor-drop-cap{float:left;text-align:center;line-height:1;font-size:50px}.elementor-widget-text-editor .elementor-drop-cap-letter{display:inline-block}<\/style>\t\t\t\t<p><strong><span style=\"color: #e4032f;\">$60 por persona<\/span><\/strong><\/p><p>Este \u00edntimo al aire libre, maridaje de vinos, dejar\u00e1 su esp\u00edritu fresco y tus papilas gustativas. Un elegante vino educador le presentar\u00e1 con un Chef seleccionado line-up de cuatro exquisitos vinos perfectamente emparejado con temporadas de inspiraci\u00f3n, epic\u00fareo delicias.<\/p><p>Por favor nota: Un 18% de propina se aplicar\u00e1 a las partes de 6+. Todos los hu\u00e9spedes DEBEN tener 21+. NO se aceptan MASCOTAS\/animales est\u00e1n permitidos en cualquier experiencia gastron\u00f3mica. Favor de LLEGAR 15 MINUTOS antes, somos incapaces de asiento clientes finales. Llame antes de su visita, acerca de cualquier ALERGIA a ALIMENTOS. Requerimos una de las 48 horas de anticipaci\u00f3n el aviso de CANCELACI\u00d3N. No se presenta y cancelaciones fuera de plazo, se cargar\u00e1.<\/p><p>Lo que debe saber antes de ir, Importante, informaci\u00f3n de restaurantes, Podemos comunicarnos con usted acerca de esta reserva, as\u00ed que por favor aseg\u00farese de que su correo electr\u00f3nico y n\u00famero de tel\u00e9fono est\u00e1n actualizados.<\/p>\t\t\t\t\t\t<\/div>\n\t\t\t\t<\/div>\n\t\t\t\t<div class=\"elementor-element elementor-element-5a5af47 elementor-widget elementor-widget-text-editor\" data-id=\"5a5af47\" data-element_type=\"widget\" data-widget_type=\"text-editor.default\">\n\t\t\t\t<div class=\"elementor-widget-container\">\n\t\t\t\t\t\t\t<p><strong><span style=\"color: #e4032f;\">SE REQUIERE TARJETA DE CR\u00c9DITO<\/span><\/strong><\/p><p class=\"styled__Description-sc-17koxhq-2 kbZMMs\" data-auto=\"creditCardMessage\">Nos reservamos el derecho a cobrar por la cancelaci\u00f3n de cargo por persona para todos los no-shows y cancelaciones dentro de las 48 horas.<\/p>\t\t\t\t\t\t<\/div>\n\t\t\t\t<\/div>\n\t\t\t\t\t<\/div>\n\t\t<\/div>\n\t\t\t\t\t\t\t<\/div>\n\t\t<\/section>\n\t\t\t\t\t<\/div>\n\t\t<\/div>\n\t\t\t\t\t\t\t<\/div>\n\t\t<\/section>\n\t\t\t\t\t\t\t<\/div>","protected":false},"excerpt":{"rendered":"<p>Reservation Number of people * Select&#8230;1 people2 people3 people4 people5 people6 people Appointment details: Please, select the service before Please, select the provider before Please set service field for current calendar Sorry. You have the max number of appointments. Email* Comments* Phone* Book Now $60 por person This intimate, outdoor wine pairing will leave your&#8230;<\/p>","protected":false},"author":1,"featured_media":0,"parent":0,"menu_order":0,"comment_status":"closed","ping_status":"closed","template":"","meta":{"site-sidebar-layout":"no-sidebar","site-content-layout":"page-builder","ast-site-content-layout":"","site-content-style":"default","site-sidebar-style":"default","ast-global-header-display":"","ast-banner-title-visibility":"","ast-main-header-display":"","ast-hfb-above-header-display":"","ast-hfb-below-header-display":"","ast-hfb-mobile-header-display":"","site-post-title":"disabled","ast-breadcrumbs-content":"disabled","ast-featured-img":"disabled","footer-sml-layout":"","theme-transparent-header-meta":"enabled","adv-header-id-meta":"","stick-header-meta":"","header-above-stick-meta":"","header-main-stick-meta":"","header-below-stick-meta":"","astra-migrate-meta-layouts":"","footnotes":""},"class_list":["post-1641","page","type-page","status-publish","hentry"],"_links":{"self":[{"href":"https:\/\/resto-chezloic.ch\/es\/wp-json\/wp\/v2\/pages\/1641","targetHints":{"allow":["GET"]}}],"collection":[{"href":"https:\/\/resto-chezloic.ch\/es\/wp-json\/wp\/v2\/pages"}],"about":[{"href":"https:\/\/resto-chezloic.ch\/es\/wp-json\/wp\/v2\/types\/page"}],"author":[{"embeddable":true,"href":"https:\/\/resto-chezloic.ch\/es\/wp-json\/wp\/v2\/users\/1"}],"replies":[{"embeddable":true,"href":"https:\/\/resto-chezloic.ch\/es\/wp-json\/wp\/v2\/comments?post=1641"}],"version-history":[{"count":19,"href":"https:\/\/resto-chezloic.ch\/es\/wp-json\/wp\/v2\/pages\/1641\/revisions"}],"predecessor-version":[{"id":2721,"href":"https:\/\/resto-chezloic.ch\/es\/wp-json\/wp\/v2\/pages\/1641\/revisions\/2721"}],"wp:attachment":[{"href":"https:\/\/resto-chezloic.ch\/es\/wp-json\/wp\/v2\/media?parent=1641"}],"curies":[{"name":"wp","href":"https:\/\/api.w.org\/{rel}","templated":true}]}}