{"id":1418,"date":"2021-09-01T03:33:28","date_gmt":"2021-09-01T03:33:28","guid":{"rendered":"http:\/\/resto-chezloic.ch\/?page_id=1418"},"modified":"2021-09-06T15:08:35","modified_gmt":"2021-09-06T15:08:35","slug":"petit-dejeuner-huachan","status":"publish","type":"page","link":"https:\/\/resto-chezloic.ch\/es\/petit-dejeuner-huachan\/","title":{"rendered":"Petit Dejeuner Huachan"},"content":{"rendered":"<div data-elementor-type=\"wp-page\" data-elementor-id=\"1418\" class=\"elementor elementor-1418\">\n\t\t\t\t\t\t\t\t\t<section class=\"elementor-section elementor-top-section elementor-element elementor-element-3b095c7 elementor-section-boxed elementor-section-height-default elementor-section-height-default\" data-id=\"3b095c7\" data-element_type=\"section\" data-settings=\"{&quot;background_background&quot;:&quot;classic&quot;,&quot;_ha_eqh_enable&quot;:false}\">\n\t\t\t\t\t\t\t<div class=\"elementor-background-overlay\"><\/div>\n\t\t\t\t\t\t\t<div class=\"elementor-container elementor-column-gap-default\">\n\t\t\t\t\t<div class=\"elementor-column elementor-col-100 elementor-top-column elementor-element elementor-element-6eb66f0\" data-id=\"6eb66f0\" data-element_type=\"column\">\n\t\t\t<div class=\"elementor-widget-wrap elementor-element-populated\">\n\t\t\t\t\t\t\t\t<div class=\"elementor-element elementor-element-ee36e88 elementor-widget elementor-widget-premium-addon-title\" data-id=\"ee36e88\" data-element_type=\"widget\" data-widget_type=\"premium-addon-title.default\">\n\t\t\t\t<div class=\"elementor-widget-container\">\n\t\t\t\r\n\t<div class=\"premium-title-container style6\">\r\n\t\t<h2 class=\"premium-title-header premium-title-style6\">\r\n\t\t\t\r\n\t\t\t\r\n\t\t\t\t\t\t\t\t\t<span class=\"premium-title-text\" >\r\n\t\t\t\tPETIT D\u00c9JEUNER HUACHAN \t\t\t<\/span>\r\n\t\t\t\t\r\n\t\t\t\t\t\t\t\t<\/h2>\r\n\t<\/div>\r\n\r\n\t\t\t\t<\/div>\n\t\t\t\t<\/div>\n\t\t\t\t<section class=\"elementor-section elementor-inner-section elementor-element elementor-element-09f8034 elementor-section-full_width bebidas elementor-section-height-default elementor-section-height-default\" data-id=\"09f8034\" data-element_type=\"section\" data-settings=\"{&quot;background_background&quot;:&quot;classic&quot;,&quot;_ha_eqh_enable&quot;:false}\">\n\t\t\t\t\t\t\t<div class=\"elementor-background-overlay\"><\/div>\n\t\t\t\t\t\t\t<div class=\"elementor-container elementor-column-gap-default\">\n\t\t\t\t\t<div class=\"elementor-column elementor-col-50 elementor-inner-column elementor-element elementor-element-dda9a28\" data-id=\"dda9a28\" data-element_type=\"column\">\n\t\t\t<div class=\"elementor-widget-wrap elementor-element-populated\">\n\t\t\t\t\t\t\t\t<div class=\"elementor-element elementor-element-76b1e86 elementor-widget elementor-widget-narestaurant_unique_food_menu\" data-id=\"76b1e86\" data-element_type=\"widget\" data-widget_type=\"narestaurant_unique_food_menu.default\">\n\t\t\t\t<div class=\"elementor-widget-container\">\n\t\t\t<div class=\"narep-food-menu-wrap food-menu-four\"><div class=\"narep-food-menu-item-wrap zoom-image food-menu-toggle hav-img food-menu-heighlight\">\n\t\t\t\t\t\t\t\t\t\t\t              <div class=\"narep-food-menu-item\"><div class=\"narep-image narep-popup\"><a href=\"https:\/\/resto-chezloic.ch\/wp-content\/uploads\/2021\/08\/Mesa-de-trabajo-2.png\"><img decoding=\"async\" src=\"https:\/\/resto-chezloic.ch\/wp-content\/uploads\/2021\/08\/Mesa-de-trabajo-2.png\" alt=\"Pain au chicharron\"><\/a><\/div><\/div><div class=\"narep-food-menu-info\"><h4 class=\"narep-food-menu-title\"><span class=\"food-title\"><a href=\"#\"  >Pain au chicharron<\/a><\/span><span class=\"food-price\">CHF 10.00<\/span><\/h4><\/div><div class=\"narep-btn-wrap\"><a href=\"#\"   class=\"narep-btn black-btn\">ORDEN<\/a><\/div>\n\t\t\t\t\t\t\t\t\t\t\t            <\/div><div class=\"narep-food-menu-item-wrap zoom-image food-menu-toggle hav-img food-menu-heighlight\">\n\t\t\t\t\t\t\t\t\t\t\t              <div class=\"narep-food-menu-item\"><div class=\"narep-image narep-popup\"><a href=\"https:\/\/resto-chezloic.ch\/wp-content\/uploads\/2021\/08\/Tamales-de-pollo-con-sarsa-criolla-14.00.jpg\"><img decoding=\"async\" src=\"https:\/\/resto-chezloic.ch\/wp-content\/uploads\/2021\/08\/Tamales-de-pollo-con-sarsa-criolla-14.00.jpg\" alt=\"Tamales de poulet ou de porc sauce cr\u00e9ole\"><\/a><\/div><\/div><div class=\"narep-food-menu-info\"><h4 class=\"narep-food-menu-title\"><span class=\"food-title\"><a href=\"#\"  >Tamales de poulet ou de porc sauce cr\u00e9ole<\/a><\/span><span class=\"food-price\">CHF 14.00<\/span><\/h4><\/div><div class=\"narep-btn-wrap\"><a href=\"#\"   class=\"narep-btn black-btn\">ORDEN<\/a><\/div>\n\t\t\t\t\t\t\t\t\t\t\t            <\/div><\/div>\t\t<\/div>\n\t\t\t\t<\/div>\n\t\t\t\t\t<\/div>\n\t\t<\/div>\n\t\t\t\t<div class=\"elementor-column elementor-col-50 elementor-inner-column elementor-element elementor-element-59db965\" data-id=\"59db965\" data-element_type=\"column\">\n\t\t\t<div class=\"elementor-widget-wrap elementor-element-populated\">\n\t\t\t\t\t\t\t\t<div class=\"elementor-element elementor-element-99a151a elementor-widget elementor-widget-narestaurant_unique_food_menu\" data-id=\"99a151a\" data-element_type=\"widget\" data-widget_type=\"narestaurant_unique_food_menu.default\">\n\t\t\t\t<div class=\"elementor-widget-container\">\n\t\t\t<div class=\"narep-food-menu-wrap food-menu-four\"><div class=\"narep-food-menu-item-wrap zoom-image food-menu-toggle hav-img food-menu-heighlight\">\n\t\t\t\t\t\t\t\t\t\t\t              <div class=\"narep-food-menu-item\"><div class=\"narep-image narep-popup\"><a href=\"https:\/\/resto-chezloic.ch\/wp-content\/uploads\/2021\/08\/Mesa-de-trabajo-1.png\"><img decoding=\"async\" src=\"https:\/\/resto-chezloic.ch\/wp-content\/uploads\/2021\/08\/Mesa-de-trabajo-1.png\" alt=\"Entier, pain, chicharron, tamales, patate douce frite, sarsa cr\u00e9ole, caf\u00e9 ou jus\"><\/a><\/div><\/div><div class=\"narep-food-menu-info\"><h4 class=\"narep-food-menu-title\"><span class=\"food-title\"><a href=\"#\"  >Entier, pain, chicharron, tamales, patate douce frite, sarsa cr\u00e9ole, caf\u00e9 ou jus<\/a><\/span><span class=\"food-price\">CHF 28.00<\/span><\/h4><\/div><div class=\"narep-btn-wrap\"><a href=\"#\"   class=\"narep-btn black-btn\">ORDEN<\/a><\/div>\n\t\t\t\t\t\t\t\t\t\t\t            <\/div><\/div>\t\t<\/div>\n\t\t\t\t<\/div>\n\t\t\t\t\t<\/div>\n\t\t<\/div>\n\t\t\t\t\t\t\t<\/div>\n\t\t<\/section>\n\t\t\t\t\t<\/div>\n\t\t<\/div>\n\t\t\t\t\t\t\t<\/div>\n\t\t<\/section>\n\t\t\t\t\t\t\t<\/div>","protected":false},"excerpt":{"rendered":"<p>PETIT D\u00c9JEUNER HUACHAN Pain au chicharronCHF 10.00 ORDEN Tamales de poulet ou de porc sauce cr\u00e9oleCHF 14.00 ORDEN Entier, pain, chicharron, tamales, patate douce frite, sarsa cr\u00e9ole, caf\u00e9 ou jusCHF 28.00 ORDEN<\/p>","protected":false},"author":1,"featured_media":0,"parent":0,"menu_order":0,"comment_status":"closed","ping_status":"closed","template":"","meta":{"site-sidebar-layout":"no-sidebar","site-content-layout":"page-builder","ast-site-content-layout":"","site-content-style":"default","site-sidebar-style":"default","ast-global-header-display":"","ast-banner-title-visibility":"","ast-main-header-display":"","ast-hfb-above-header-display":"","ast-hfb-below-header-display":"","ast-hfb-mobile-header-display":"","site-post-title":"disabled","ast-breadcrumbs-content":"disabled","ast-featured-img":"disabled","footer-sml-layout":"","theme-transparent-header-meta":"enabled","adv-header-id-meta":"","stick-header-meta":"","header-above-stick-meta":"","header-main-stick-meta":"","header-below-stick-meta":"","astra-migrate-meta-layouts":"","footnotes":""},"class_list":["post-1418","page","type-page","status-publish","hentry"],"_links":{"self":[{"href":"https:\/\/resto-chezloic.ch\/es\/wp-json\/wp\/v2\/pages\/1418","targetHints":{"allow":["GET"]}}],"collection":[{"href":"https:\/\/resto-chezloic.ch\/es\/wp-json\/wp\/v2\/pages"}],"about":[{"href":"https:\/\/resto-chezloic.ch\/es\/wp-json\/wp\/v2\/types\/page"}],"author":[{"embeddable":true,"href":"https:\/\/resto-chezloic.ch\/es\/wp-json\/wp\/v2\/users\/1"}],"replies":[{"embeddable":true,"href":"https:\/\/resto-chezloic.ch\/es\/wp-json\/wp\/v2\/comments?post=1418"}],"version-history":[{"count":9,"href":"https:\/\/resto-chezloic.ch\/es\/wp-json\/wp\/v2\/pages\/1418\/revisions"}],"predecessor-version":[{"id":1730,"href":"https:\/\/resto-chezloic.ch\/es\/wp-json\/wp\/v2\/pages\/1418\/revisions\/1730"}],"wp:attachment":[{"href":"https:\/\/resto-chezloic.ch\/es\/wp-json\/wp\/v2\/media?parent=1418"}],"curies":[{"name":"wp","href":"https:\/\/api.w.org\/{rel}","templated":true}]}}